{"id":72,"date":"2021-01-09T22:27:33","date_gmt":"2021-01-09T21:27:33","guid":{"rendered":"http:\/\/medinnice.fr\/?page_id=72"},"modified":"2021-03-14T20:08:53","modified_gmt":"2021-03-14T19:08:53","slug":"equipe","status":"publish","type":"page","link":"https:\/\/medinnice.fr\/?page_id=72","title":{"rendered":"Equipe"},"content":{"rendered":"\n<p>Le projet M\u00e9d in Nice est dirig\u00e9 \u00e0 ce jour par 2  personnalit\u00e9s vivant \u00e0 Nice et Colomars (village mitoyen)  \u00e0 l\u2019approche et aux comp\u00e9tences tr\u00e8s compl\u00e9mentaires :<\/p>\n\n\n\n<figure class=\"wp-block-image size-medium is-style-rounded\"><img loading=\"lazy\" width=\"300\" height=\"254\" src=\"http:\/\/medinnice.fr\/wp-content\/uploads\/2021\/03\/guyetanton-300x254.png\" alt=\"\" class=\"wp-image-140\" srcset=\"https:\/\/medinnice.fr\/wp-content\/uploads\/2021\/03\/guyetanton-300x254.png 300w, https:\/\/medinnice.fr\/wp-content\/uploads\/2021\/03\/guyetanton-768x650.png 768w, https:\/\/medinnice.fr\/wp-content\/uploads\/2021\/03\/guyetanton.png 919w\" sizes=\"(max-width: 300px) 100vw, 300px\" \/><\/figure>\n\n\n\n<ul><li>Guy Mausy : l\u2019inventeur de la machine \u00ab\u00a0M\u00e9d in Nice\u00a0\u00bb.<\/li><\/ul>\n\n\n\n<p>Ing\u00e9nieur ENSI de formation, Guy a men\u00e9 au long de sa carri\u00e8re de multiples projets industriels complexes de part le monde. De la mise en place de centrales \u00e9lectrique sur les continents africain, am\u00e9ricain, en passant par la gestion de bureaux d&rsquo;\u00e9tudes et de services R&amp;D pour des groupes tels que Alsthom, la SNEF, ASK, Guy a con\u00e7u et r\u00e9alis\u00e9 des \u00e9quipements de production sur diff\u00e9rents sites internationaux. Passionn\u00e9 d&rsquo;inventions, et tout simplement de vie, il a \u00e9galement dirig\u00e9 de nombreux projets associatifs et caritatifs, comme par exemple la conception technique et le pilotage du drone marin plastivore pour l&rsquo;association COBA2. Laur\u00e9at du concours r\u00e9gional PACA Light pour son syst\u00e8me de gestion des \u00e9nergies solaires, il a mis au point la machine \u00e0 recycler les bouchons plastiques pour le projet \u00ab\u00a0M\u00e9d in Nice\u00a0\u00bb.<\/p>\n\n\n\n<ul><li>Anton Hassoun : chef d&rsquo;entreprise engag\u00e9.<\/li><\/ul>\n\n\n\n<p>Dipl\u00f4m\u00e9 de l&rsquo;EDHEC, Anton est un Dirigeant et communiquant engag\u00e9. Amoureux de la nature, il a pour projet d\u2019aider \u00e0 cr\u00e9er des solutions concr\u00e8tes pour sensibiliser les nouvelles g\u00e9n\u00e9rations aux enjeux de la pollution plastique. Membre du CJD, le Centre des Jeunes Dirigeants, il participe au quotidien \u00e0 tenter de cr\u00e9er une Entreprise plus humaine, inspirante et plus responsable. Au travers d\u2019actions d\u2019\u00e9changes entre Dirigeants et Jeunes du 06, de sensibilisation des salari\u00e9.e.s, au monde de l\u2019entreprise et du handicap, d\u2019actions de cleanup associatives et familiales, il prend plaisir \u00e0 semer des petites graines ou des battements d\u2019ailes de colibris autour de lui.<\/p>\n\n\n\n<p><\/p>\n\n\n\n<p>Si vous souhaitez rejoindre notre projet pour participer, soutenir et promouvoir notre vision d&rsquo;un monde plus sobre en plastiques, nous sommes ravis de vous inviter \u00e0 nous contacter via la page de <a href=\"http:\/\/medinnice.fr\/?page_id=8\" data-type=\"page\" data-id=\"8\">contact<\/a>.<\/p>\n","protected":false},"excerpt":{"rendered":"<p>Le projet M\u00e9d in Nice est dirig\u00e9 \u00e0 ce jour par 2 personnalit\u00e9s vivant \u00e0 Nice et Colomars (village mitoyen) \u00e0 l\u2019approche et aux comp\u00e9tences tr\u00e8s compl\u00e9mentaires : Guy Mausy : l\u2019inventeur de la machine \u00ab\u00a0M\u00e9d in Nice\u00a0\u00bb. Ing\u00e9nieur ENSI de formation, Guy a men\u00e9 au long de sa carri\u00e8re de multiples projets industriels complexes &hellip; <\/p>\n<p class=\"link-more\"><a href=\"https:\/\/medinnice.fr\/?page_id=72\" class=\"more-link\">Continuer la lecture<span class=\"screen-reader-text\"> de &laquo;&nbsp;Equipe&nbsp;&raquo;<\/span><\/a><\/p>\n","protected":false},"author":1,"featured_media":0,"parent":0,"menu_order":0,"comment_status":"closed","ping_status":"closed","template":"","meta":[],"_links":{"self":[{"href":"https:\/\/medinnice.fr\/index.php?rest_route=\/wp\/v2\/pages\/72"}],"collection":[{"href":"https:\/\/medinnice.fr\/index.php?rest_route=\/wp\/v2\/pages"}],"about":[{"href":"https:\/\/medinnice.fr\/index.php?rest_route=\/wp\/v2\/types\/page"}],"author":[{"embeddable":true,"href":"https:\/\/medinnice.fr\/index.php?rest_route=\/wp\/v2\/users\/1"}],"replies":[{"embeddable":true,"href":"https:\/\/medinnice.fr\/index.php?rest_route=%2Fwp%2Fv2%2Fcomments&post=72"}],"version-history":[{"count":11,"href":"https:\/\/medinnice.fr\/index.php?rest_route=\/wp\/v2\/pages\/72\/revisions"}],"predecessor-version":[{"id":144,"href":"https:\/\/medinnice.fr\/index.php?rest_route=\/wp\/v2\/pages\/72\/revisions\/144"}],"wp:attachment":[{"href":"https:\/\/medinnice.fr\/index.php?rest_route=%2Fwp%2Fv2%2Fmedia&parent=72"}],"curies":[{"name":"wp","href":"https:\/\/api.w.org\/{rel}","templated":true}]}}