{"id":7,"date":"2020-12-29T18:10:20","date_gmt":"2020-12-29T17:10:20","guid":{"rendered":"http:\/\/medinnice.fr\/?page_id=7"},"modified":"2021-03-06T17:01:54","modified_gmt":"2021-03-06T16:01:54","slug":"a-propos-de","status":"publish","type":"page","link":"https:\/\/medinnice.fr\/?page_id=7","title":{"rendered":"Proc\u00e9d\u00e9"},"content":{"rendered":"\n<p>M\u00e9d in Nice propose un proc\u00e9d\u00e9 in\u00e9dit de recyclage imm\u00e9diat et facile de plusieurs plastiques du quotidien.<\/p>\n\n\n\n<p>A l&rsquo;\u00e9chelle individuelle, le moyen le plus efficace est de ne jamais jeter du plastique et le recycler avant qu&rsquo;il ne devienne un d\u00e9chet.&nbsp; Il demeure alors une mati\u00e8re premi\u00e8re pr\u00e9cieuse et utile. Mais ce process de recyclage est souvent malais\u00e9.<\/p>\n\n\n\n<p>La Machine \u00e0 Recycler les Plastiques permet de fa\u00e7on simple de transformer certains plastiques en les transformant en objets utiles \u00e0 l&rsquo;aide de moules r\u00e9alis\u00e9s par un process industriel de conception, d\u00e9coupe et assemblage.<\/p>\n\n\n\n<p>Les morceaux de plastique type poly\u00e9thyl\u00e8ne (comme les bouchons de bouteilles) sont introduits dans le tube d&rsquo;entr\u00e9e de la machine. Ils arrivent alors dans une chambre de chauffage \u00e0 environ 190\u00b0.&nbsp;<\/p>\n\n\n\n<figure class=\"wp-block-image size-large\"><img loading=\"lazy\" width=\"640\" height=\"574\" src=\"http:\/\/medinnice.fr\/wp-content\/uploads\/2021\/02\/plan-machine2.jpg\" alt=\"\" class=\"wp-image-92\" srcset=\"https:\/\/medinnice.fr\/wp-content\/uploads\/2021\/02\/plan-machine2.jpg 640w, https:\/\/medinnice.fr\/wp-content\/uploads\/2021\/02\/plan-machine2-300x269.jpg 300w\" sizes=\"(max-width: 640px) 100vw, 640px\" \/><\/figure>\n\n\n\n<p>Le mouvement du levier les fait passer sous forme p\u00e2teuse dans un cylindre. Un piston actionn\u00e9 par le levier va injecter cette p\u00e2te dans un moule. Les pi\u00e8ces refroidissent imm\u00e9diatement et les moules peuvent \u00eatre ouverts , vid\u00e9s et referm\u00e9s pour la prochaine injection.&nbsp;<\/p>\n\n\n\n<p>Le proc\u00e9d\u00e9 de coulage est assez simple et peut \u00eatre r\u00e9alis\u00e9 par des enfants sous contr\u00f4le d\u2019un adulte.<\/p>\n\n\n\n<figure class=\"wp-block-image size-large is-style-rounded\"><img loading=\"lazy\" width=\"1024\" height=\"576\" src=\"http:\/\/medinnice.fr\/wp-content\/uploads\/2021\/03\/IMG_5741-1024x576.jpg\" alt=\"\" class=\"wp-image-136\" srcset=\"https:\/\/medinnice.fr\/wp-content\/uploads\/2021\/03\/IMG_5741-1024x576.jpg 1024w, https:\/\/medinnice.fr\/wp-content\/uploads\/2021\/03\/IMG_5741-300x169.jpg 300w, https:\/\/medinnice.fr\/wp-content\/uploads\/2021\/03\/IMG_5741-768x432.jpg 768w, https:\/\/medinnice.fr\/wp-content\/uploads\/2021\/03\/IMG_5741-1536x864.jpg 1536w, https:\/\/medinnice.fr\/wp-content\/uploads\/2021\/03\/IMG_5741-2048x1152.jpg 2048w\" sizes=\"(max-width: 706px) 89vw, (max-width: 767px) 82vw, 740px\" \/><\/figure>\n","protected":false},"excerpt":{"rendered":"<p>M\u00e9d in Nice propose un proc\u00e9d\u00e9 in\u00e9dit de recyclage imm\u00e9diat et facile de plusieurs plastiques du quotidien. A l&rsquo;\u00e9chelle individuelle, le moyen le plus efficace est de ne jamais jeter du plastique et le recycler avant qu&rsquo;il ne devienne un d\u00e9chet.&nbsp; Il demeure alors une mati\u00e8re premi\u00e8re pr\u00e9cieuse et utile. Mais ce process de recyclage &hellip; <\/p>\n<p class=\"link-more\"><a href=\"https:\/\/medinnice.fr\/?page_id=7\" class=\"more-link\">Continuer la lecture<span class=\"screen-reader-text\"> de &laquo;&nbsp;Proc\u00e9d\u00e9&nbsp;&raquo;<\/span><\/a><\/p>\n","protected":false},"author":1,"featured_media":0,"parent":0,"menu_order":0,"comment_status":"closed","ping_status":"closed","template":"","meta":[],"_links":{"self":[{"href":"https:\/\/medinnice.fr\/index.php?rest_route=\/wp\/v2\/pages\/7"}],"collection":[{"href":"https:\/\/medinnice.fr\/index.php?rest_route=\/wp\/v2\/pages"}],"about":[{"href":"https:\/\/medinnice.fr\/index.php?rest_route=\/wp\/v2\/types\/page"}],"author":[{"embeddable":true,"href":"https:\/\/medinnice.fr\/index.php?rest_route=\/wp\/v2\/users\/1"}],"replies":[{"embeddable":true,"href":"https:\/\/medinnice.fr\/index.php?rest_route=%2Fwp%2Fv2%2Fcomments&post=7"}],"version-history":[{"count":5,"href":"https:\/\/medinnice.fr\/index.php?rest_route=\/wp\/v2\/pages\/7\/revisions"}],"predecessor-version":[{"id":137,"href":"https:\/\/medinnice.fr\/index.php?rest_route=\/wp\/v2\/pages\/7\/revisions\/137"}],"wp:attachment":[{"href":"https:\/\/medinnice.fr\/index.php?rest_route=%2Fwp%2Fv2%2Fmedia&parent=7"}],"curies":[{"name":"wp","href":"https:\/\/api.w.org\/{rel}","templated":true}]}}